{"id":1789,"date":"2019-01-29T10:54:02","date_gmt":"2019-01-29T09:54:02","guid":{"rendered":"https:\/\/baquetesartesanes.com\/?post_type=product&#038;p=1789"},"modified":"2019-10-01T18:31:06","modified_gmt":"2019-10-01T16:31:06","slug":"7a-hickory-personnalise","status":"publish","type":"product","link":"https:\/\/baquetesartesanes.com\/fr\/producto\/7a-hickory-personnalise\/","title":{"rendered":"7A Hickory personnalis\u00e9 (12 paires)"},"content":{"rendered":"<p>L=\u00a0 397 mm \/ 15,63in<br \/>\nD= 13,60 mm<\/p>\n<p>Baguettes en hickory s\u00e9lectionn\u00e9, \u00e9quilibr\u00e9es et appair\u00e9es par poids.<br \/>\nBaguette l\u00e9ger d\u2019excellentes qualit\u00e9s sonores sur les cymbales.<\/p>\n<p>*Le prix est pour 12 paires.<\/p>\n","protected":false},"excerpt":{"rendered":"<p>L=\u00a0 397 mm \/ 15,63in D= 13,60 mm Baguettes en hickory s\u00e9lectionn\u00e9, \u00e9quilibr\u00e9es et appair\u00e9es par poids. Baguette l\u00e9ger d\u2019excellentes qualit\u00e9s sonores sur les cymbales. *Le<span class=\"excerpt-hellip\"> [\u2026]<\/span><\/p>\n","protected":false},"featured_media":1445,"comment_status":"closed","ping_status":"closed","template":"","meta":[],"product_brand":[],"product_cat":[90],"product_tag":[],"class_list":{"0":"post-1789","1":"product","2":"type-product","3":"status-publish","4":"has-post-thumbnail","6":"product_cat-personnalise","7":"wpd-is-customizable","9":"first","10":"instock","11":"taxable","12":"shipping-taxable","13":"purchasable","14":"product-type-simple"},"_links":{"self":[{"href":"https:\/\/baquetesartesanes.com\/fr\/wp-json\/wp\/v2\/product\/1789","targetHints":{"allow":["GET"]}}],"collection":[{"href":"https:\/\/baquetesartesanes.com\/fr\/wp-json\/wp\/v2\/product"}],"about":[{"href":"https:\/\/baquetesartesanes.com\/fr\/wp-json\/wp\/v2\/types\/product"}],"replies":[{"embeddable":true,"href":"https:\/\/baquetesartesanes.com\/fr\/wp-json\/wp\/v2\/comments?post=1789"}],"wp:featuredmedia":[{"embeddable":true,"href":"https:\/\/baquetesartesanes.com\/fr\/wp-json\/wp\/v2\/media\/1445"}],"wp:attachment":[{"href":"https:\/\/baquetesartesanes.com\/fr\/wp-json\/wp\/v2\/media?parent=1789"}],"wp:term":[{"taxonomy":"product_brand","embeddable":true,"href":"https:\/\/baquetesartesanes.com\/fr\/wp-json\/wp\/v2\/product_brand?post=1789"},{"taxonomy":"product_cat","embeddable":true,"href":"https:\/\/baquetesartesanes.com\/fr\/wp-json\/wp\/v2\/product_cat?post=1789"},{"taxonomy":"product_tag","embeddable":true,"href":"https:\/\/baquetesartesanes.com\/fr\/wp-json\/wp\/v2\/product_tag?post=1789"}],"curies":[{"name":"wp","href":"https:\/\/api.w.org\/{rel}","templated":true}]}}