{"id":1763,"date":"2019-01-29T10:38:45","date_gmt":"2019-01-29T09:38:45","guid":{"rendered":"https:\/\/baquetesartesanes.com\/?post_type=product&#038;p=1763"},"modified":"2019-10-01T18:33:25","modified_gmt":"2019-10-01T16:33:25","slug":"5a3-hickory-personnalise","status":"publish","type":"product","link":"https:\/\/baquetesartesanes.com\/fr\/producto\/5a3-hickory-personnalise\/","title":{"rendered":"5A3 Hickory personnalis\u00e9 (12 paires)"},"content":{"rendered":"<div class=\"descProducte\">\n<p>L=\u00a0 404 mm \/ 15,94in<\/p>\n<p>D= 14,20 mm<\/p>\n<p>Baguettes en hickory s\u00e9lectionn\u00e9, \u00e9quilibr\u00e9es et appair\u00e9es par poids.<br \/>\nBaguette tr\u00e8s bien \u00e9quilibr\u00e9e avec une olive en demi-ronde et le son tr\u00e8s concentr\u00e9..<\/p>\n<\/div>\n<p>*Le prix est pour 12 paires.<\/p>\n","protected":false},"excerpt":{"rendered":"<p>L=\u00a0 404 mm \/ 15,94in D= 14,20 mm Baguettes en hickory s\u00e9lectionn\u00e9, \u00e9quilibr\u00e9es et appair\u00e9es par poids. Baguette tr\u00e8s bien \u00e9quilibr\u00e9e avec une olive en demi-ronde<span class=\"excerpt-hellip\"> [\u2026]<\/span><\/p>\n","protected":false},"featured_media":1433,"comment_status":"closed","ping_status":"closed","template":"","meta":[],"product_brand":[],"product_cat":[90],"product_tag":[],"class_list":{"0":"post-1763","1":"product","2":"type-product","3":"status-publish","4":"has-post-thumbnail","6":"product_cat-personnalise","7":"wpd-is-customizable","9":"first","10":"instock","11":"taxable","12":"shipping-taxable","13":"purchasable","14":"product-type-simple"},"_links":{"self":[{"href":"https:\/\/baquetesartesanes.com\/fr\/wp-json\/wp\/v2\/product\/1763","targetHints":{"allow":["GET"]}}],"collection":[{"href":"https:\/\/baquetesartesanes.com\/fr\/wp-json\/wp\/v2\/product"}],"about":[{"href":"https:\/\/baquetesartesanes.com\/fr\/wp-json\/wp\/v2\/types\/product"}],"replies":[{"embeddable":true,"href":"https:\/\/baquetesartesanes.com\/fr\/wp-json\/wp\/v2\/comments?post=1763"}],"wp:featuredmedia":[{"embeddable":true,"href":"https:\/\/baquetesartesanes.com\/fr\/wp-json\/wp\/v2\/media\/1433"}],"wp:attachment":[{"href":"https:\/\/baquetesartesanes.com\/fr\/wp-json\/wp\/v2\/media?parent=1763"}],"wp:term":[{"taxonomy":"product_brand","embeddable":true,"href":"https:\/\/baquetesartesanes.com\/fr\/wp-json\/wp\/v2\/product_brand?post=1763"},{"taxonomy":"product_cat","embeddable":true,"href":"https:\/\/baquetesartesanes.com\/fr\/wp-json\/wp\/v2\/product_cat?post=1763"},{"taxonomy":"product_tag","embeddable":true,"href":"https:\/\/baquetesartesanes.com\/fr\/wp-json\/wp\/v2\/product_tag?post=1763"}],"curies":[{"name":"wp","href":"https:\/\/api.w.org\/{rel}","templated":true}]}}