{"id":1749,"date":"2019-01-29T10:26:33","date_gmt":"2019-01-29T09:26:34","guid":{"rendered":"https:\/\/baquetesartesanes.com\/?post_type=product&#038;p=1749"},"modified":"2019-10-01T18:34:23","modified_gmt":"2019-10-01T16:34:23","slug":"5b-hickory-personnalise","status":"publish","type":"product","link":"https:\/\/baquetesartesanes.com\/fr\/producto\/5b-hickory-personnalise\/","title":{"rendered":"5B Hickory personnalis\u00e9 (12 paires)"},"content":{"rendered":"<div class=\"descProducte\">\n<p>L=\u00a0 408 mm \/ 16,06in<\/p>\n<p>D= 15,10 mm<\/p>\n<p>Baguettes en hickory s\u00e9lectionn\u00e9, \u00e9quilibr\u00e9es et appair\u00e9es par poids.<br \/>\nBaguette avec une r\u00e9ponse rapide.<\/p>\n<\/div>\n<p>*Le prix est pour 12 paires.<\/p>\n","protected":false},"excerpt":{"rendered":"<p>L=\u00a0 408 mm \/ 16,06in D= 15,10 mm Baguettes en hickory s\u00e9lectionn\u00e9, \u00e9quilibr\u00e9es et appair\u00e9es par poids. Baguette avec une r\u00e9ponse rapide. *Le prix est pour<span class=\"excerpt-hellip\"> [\u2026]<\/span><\/p>\n","protected":false},"featured_media":1469,"comment_status":"closed","ping_status":"closed","template":"","meta":[],"product_brand":[],"product_cat":[90],"product_tag":[],"class_list":{"0":"post-1749","1":"product","2":"type-product","3":"status-publish","4":"has-post-thumbnail","6":"product_cat-personnalise","7":"wpd-is-customizable","9":"first","10":"instock","11":"taxable","12":"shipping-taxable","13":"purchasable","14":"product-type-simple"},"_links":{"self":[{"href":"https:\/\/baquetesartesanes.com\/fr\/wp-json\/wp\/v2\/product\/1749","targetHints":{"allow":["GET"]}}],"collection":[{"href":"https:\/\/baquetesartesanes.com\/fr\/wp-json\/wp\/v2\/product"}],"about":[{"href":"https:\/\/baquetesartesanes.com\/fr\/wp-json\/wp\/v2\/types\/product"}],"replies":[{"embeddable":true,"href":"https:\/\/baquetesartesanes.com\/fr\/wp-json\/wp\/v2\/comments?post=1749"}],"wp:featuredmedia":[{"embeddable":true,"href":"https:\/\/baquetesartesanes.com\/fr\/wp-json\/wp\/v2\/media\/1469"}],"wp:attachment":[{"href":"https:\/\/baquetesartesanes.com\/fr\/wp-json\/wp\/v2\/media?parent=1749"}],"wp:term":[{"taxonomy":"product_brand","embeddable":true,"href":"https:\/\/baquetesartesanes.com\/fr\/wp-json\/wp\/v2\/product_brand?post=1749"},{"taxonomy":"product_cat","embeddable":true,"href":"https:\/\/baquetesartesanes.com\/fr\/wp-json\/wp\/v2\/product_cat?post=1749"},{"taxonomy":"product_tag","embeddable":true,"href":"https:\/\/baquetesartesanes.com\/fr\/wp-json\/wp\/v2\/product_tag?post=1749"}],"curies":[{"name":"wp","href":"https:\/\/api.w.org\/{rel}","templated":true}]}}