{"id":1733,"date":"2019-01-29T10:17:25","date_gmt":"2019-01-29T09:17:25","guid":{"rendered":"https:\/\/baquetesartesanes.com\/?post_type=product&#038;p=1733"},"modified":"2019-10-01T18:35:00","modified_gmt":"2019-10-01T16:35:00","slug":"5bx-hickory-personnalise","status":"publish","type":"product","link":"https:\/\/baquetesartesanes.com\/fr\/producto\/5bx-hickory-personnalise\/","title":{"rendered":"5BX Hickory personnalis\u00e9 (12 paires)"},"content":{"rendered":"<div class=\"descProducte\">\n<p>L=\u00a0 418 mm \/ 16,46in<\/p>\n<p>D= 15,10 mm<\/p>\n<p>Baguettes en hickory s\u00e9lectionn\u00e9, \u00e9quilibr\u00e9es et appair\u00e9es par poids.<br \/>\nBaguette plus longue que la 5B, avec un grand \u00e9quilibre, tr\u00e8s puissant.<\/p>\n<p>*Le prix est pour 12 paires<\/p>\n<\/div>\n","protected":false},"excerpt":{"rendered":"<p>L=\u00a0 418 mm \/ 16,46in D= 15,10 mm Baguettes en hickory s\u00e9lectionn\u00e9, \u00e9quilibr\u00e9es et appair\u00e9es par poids. Baguette plus longue que la 5B, avec un grand<span class=\"excerpt-hellip\"> [\u2026]<\/span><\/p>\n","protected":false},"featured_media":1465,"comment_status":"closed","ping_status":"closed","template":"","meta":[],"product_brand":[],"product_cat":[90],"product_tag":[],"class_list":{"0":"post-1733","1":"product","2":"type-product","3":"status-publish","4":"has-post-thumbnail","6":"product_cat-personnalise","7":"wpd-is-customizable","9":"first","10":"instock","11":"taxable","12":"shipping-taxable","13":"purchasable","14":"product-type-simple"},"_links":{"self":[{"href":"https:\/\/baquetesartesanes.com\/fr\/wp-json\/wp\/v2\/product\/1733","targetHints":{"allow":["GET"]}}],"collection":[{"href":"https:\/\/baquetesartesanes.com\/fr\/wp-json\/wp\/v2\/product"}],"about":[{"href":"https:\/\/baquetesartesanes.com\/fr\/wp-json\/wp\/v2\/types\/product"}],"replies":[{"embeddable":true,"href":"https:\/\/baquetesartesanes.com\/fr\/wp-json\/wp\/v2\/comments?post=1733"}],"wp:featuredmedia":[{"embeddable":true,"href":"https:\/\/baquetesartesanes.com\/fr\/wp-json\/wp\/v2\/media\/1465"}],"wp:attachment":[{"href":"https:\/\/baquetesartesanes.com\/fr\/wp-json\/wp\/v2\/media?parent=1733"}],"wp:term":[{"taxonomy":"product_brand","embeddable":true,"href":"https:\/\/baquetesartesanes.com\/fr\/wp-json\/wp\/v2\/product_brand?post=1733"},{"taxonomy":"product_cat","embeddable":true,"href":"https:\/\/baquetesartesanes.com\/fr\/wp-json\/wp\/v2\/product_cat?post=1733"},{"taxonomy":"product_tag","embeddable":true,"href":"https:\/\/baquetesartesanes.com\/fr\/wp-json\/wp\/v2\/product_tag?post=1733"}],"curies":[{"name":"wp","href":"https:\/\/api.w.org\/{rel}","templated":true}]}}