{"id":1678,"date":"2018-10-17T14:42:48","date_gmt":"2018-10-17T12:42:48","guid":{"rendered":"https:\/\/baquetesartesanes.com\/producto\/__trashed\/"},"modified":"2018-10-17T14:42:48","modified_gmt":"2018-10-17T12:42:48","slug":"__trashed","status":"publish","type":"product","link":"https:\/\/baquetesartesanes.com\/fr\/producto\/__trashed\/","title":{"rendered":"7A5 Hickory"},"content":{"rendered":"<div class=\"descProducte\">\n<p>L=\u00a0 405 mm \/ 15,95in<\/p>\n<p>D= 13,90 mm<\/p>\n<p>Baguettes en hickory s\u00e9lectionn\u00e9s, \u00e9quilibr\u00e9 et gr\u00e9\u00e9 en poids. Baguette avec rebond \u00e9lev\u00e9, l\u00e9gers et de poids durable avec l&rsquo;avant.<\/p>\n<\/div>\n<p>*Le prix est pour les paires.<\/p>\n","protected":false},"excerpt":{"rendered":"<p>L=\u00a0 405 mm \/ 15,95in D= 13,90 mm Baguettes en hickory s\u00e9lectionn\u00e9s, \u00e9quilibr\u00e9 et gr\u00e9\u00e9 en poids. Baguette avec rebond \u00e9lev\u00e9, l\u00e9gers et de poids durable<span class=\"excerpt-hellip\"> [\u2026]<\/span><\/p>\n","protected":false},"featured_media":1509,"comment_status":"closed","ping_status":"closed","template":"","meta":[],"product_brand":[],"product_cat":[85],"product_tag":[],"class_list":{"0":"post-1678","1":"product","2":"type-product","3":"status-publish","4":"has-post-thumbnail","6":"product_cat-standards-fr","8":"first","9":"instock","10":"taxable","11":"shipping-taxable","12":"purchasable","13":"product-type-simple"},"_links":{"self":[{"href":"https:\/\/baquetesartesanes.com\/fr\/wp-json\/wp\/v2\/product\/1678","targetHints":{"allow":["GET"]}}],"collection":[{"href":"https:\/\/baquetesartesanes.com\/fr\/wp-json\/wp\/v2\/product"}],"about":[{"href":"https:\/\/baquetesartesanes.com\/fr\/wp-json\/wp\/v2\/types\/product"}],"replies":[{"embeddable":true,"href":"https:\/\/baquetesartesanes.com\/fr\/wp-json\/wp\/v2\/comments?post=1678"}],"wp:featuredmedia":[{"embeddable":true,"href":"https:\/\/baquetesartesanes.com\/fr\/wp-json\/wp\/v2\/media\/1509"}],"wp:attachment":[{"href":"https:\/\/baquetesartesanes.com\/fr\/wp-json\/wp\/v2\/media?parent=1678"}],"wp:term":[{"taxonomy":"product_brand","embeddable":true,"href":"https:\/\/baquetesartesanes.com\/fr\/wp-json\/wp\/v2\/product_brand?post=1678"},{"taxonomy":"product_cat","embeddable":true,"href":"https:\/\/baquetesartesanes.com\/fr\/wp-json\/wp\/v2\/product_cat?post=1678"},{"taxonomy":"product_tag","embeddable":true,"href":"https:\/\/baquetesartesanes.com\/fr\/wp-json\/wp\/v2\/product_tag?post=1678"}],"curies":[{"name":"wp","href":"https:\/\/api.w.org\/{rel}","templated":true}]}}