{"id":1666,"date":"2018-10-17T14:54:30","date_gmt":"2018-10-17T12:54:30","guid":{"rendered":"https:\/\/baquetesartesanes.com\/producto\/5a3-hickory\/"},"modified":"2018-10-17T14:54:30","modified_gmt":"2018-10-17T12:54:30","slug":"5a3-hickory","status":"publish","type":"product","link":"https:\/\/baquetesartesanes.com\/fr\/producto\/5a3-hickory\/","title":{"rendered":"5A3 Hickory"},"content":{"rendered":"<div class=\"descProducte\">\n<p>L=\u00a0 404 mm \/ 15,94in<\/p>\n<p>D= 14,20 mm<\/p>\n<p>Baguettes en hickory s\u00e9lectionn\u00e9, \u00e9quilibr\u00e9es et appair\u00e9es par poids.<br \/>\nBaguette tr\u00e8s bien \u00e9quilibr\u00e9e avec une olive en demi-ronde et le son tr\u00e8s concentr\u00e9..<\/p>\n<\/div>\n<p>*Le prix est pour les paires.<\/p>\n","protected":false},"excerpt":{"rendered":"<p>L=\u00a0 404 mm \/ 15,94in D= 14,20 mm Baguettes en hickory s\u00e9lectionn\u00e9, \u00e9quilibr\u00e9es et appair\u00e9es par poids. Baguette tr\u00e8s bien \u00e9quilibr\u00e9e avec une olive en demi-ronde<span class=\"excerpt-hellip\"> [\u2026]<\/span><\/p>\n","protected":false},"featured_media":1433,"comment_status":"closed","ping_status":"closed","template":"","meta":[],"product_brand":[],"product_cat":[85],"product_tag":[],"class_list":{"0":"post-1666","1":"product","2":"type-product","3":"status-publish","4":"has-post-thumbnail","6":"product_cat-standards-fr","8":"first","9":"instock","10":"taxable","11":"shipping-taxable","12":"purchasable","13":"product-type-simple"},"_links":{"self":[{"href":"https:\/\/baquetesartesanes.com\/fr\/wp-json\/wp\/v2\/product\/1666","targetHints":{"allow":["GET"]}}],"collection":[{"href":"https:\/\/baquetesartesanes.com\/fr\/wp-json\/wp\/v2\/product"}],"about":[{"href":"https:\/\/baquetesartesanes.com\/fr\/wp-json\/wp\/v2\/types\/product"}],"replies":[{"embeddable":true,"href":"https:\/\/baquetesartesanes.com\/fr\/wp-json\/wp\/v2\/comments?post=1666"}],"wp:featuredmedia":[{"embeddable":true,"href":"https:\/\/baquetesartesanes.com\/fr\/wp-json\/wp\/v2\/media\/1433"}],"wp:attachment":[{"href":"https:\/\/baquetesartesanes.com\/fr\/wp-json\/wp\/v2\/media?parent=1666"}],"wp:term":[{"taxonomy":"product_brand","embeddable":true,"href":"https:\/\/baquetesartesanes.com\/fr\/wp-json\/wp\/v2\/product_brand?post=1666"},{"taxonomy":"product_cat","embeddable":true,"href":"https:\/\/baquetesartesanes.com\/fr\/wp-json\/wp\/v2\/product_cat?post=1666"},{"taxonomy":"product_tag","embeddable":true,"href":"https:\/\/baquetesartesanes.com\/fr\/wp-json\/wp\/v2\/product_tag?post=1666"}],"curies":[{"name":"wp","href":"https:\/\/api.w.org\/{rel}","templated":true}]}}