{"id":1660,"date":"2018-10-17T14:57:46","date_gmt":"2018-10-17T12:57:46","guid":{"rendered":"https:\/\/baquetesartesanes.com\/producto\/5ab-hickory\/"},"modified":"2018-10-17T14:57:46","modified_gmt":"2018-10-17T12:57:46","slug":"5ab-hickory","status":"publish","type":"product","link":"https:\/\/baquetesartesanes.com\/fr\/producto\/5ab-hickory\/","title":{"rendered":"5AB Hickory"},"content":{"rendered":"<div class=\"descProducte\">\n<p>L=\u00a0 406 mm \/ 15,98in<\/p>\n<p>D= 14,20 mm<\/p>\n<p>Baguettes en hickory s\u00e9lectionn\u00e9, \u00e9quilibr\u00e9es et appair\u00e9es par poids.<br \/>\nBaguette tr\u00e8s bien \u00e9quilibr\u00e9e, puissant et avec un grand rebond.<\/p>\n<p>*Le prix est pour les paires.<\/p>\n<\/div>\n","protected":false},"excerpt":{"rendered":"<p>L=\u00a0 406 mm \/ 15,98in D= 14,20 mm Baguettes en hickory s\u00e9lectionn\u00e9, \u00e9quilibr\u00e9es et appair\u00e9es par poids. Baguette tr\u00e8s bien \u00e9quilibr\u00e9e, puissant et avec un grand<span class=\"excerpt-hellip\"> [\u2026]<\/span><\/p>\n","protected":false},"featured_media":1429,"comment_status":"closed","ping_status":"closed","template":"","meta":[],"product_brand":[],"product_cat":[85],"product_tag":[],"class_list":{"0":"post-1660","1":"product","2":"type-product","3":"status-publish","4":"has-post-thumbnail","6":"product_cat-standards-fr","8":"first","9":"instock","10":"taxable","11":"shipping-taxable","12":"purchasable","13":"product-type-simple"},"_links":{"self":[{"href":"https:\/\/baquetesartesanes.com\/fr\/wp-json\/wp\/v2\/product\/1660","targetHints":{"allow":["GET"]}}],"collection":[{"href":"https:\/\/baquetesartesanes.com\/fr\/wp-json\/wp\/v2\/product"}],"about":[{"href":"https:\/\/baquetesartesanes.com\/fr\/wp-json\/wp\/v2\/types\/product"}],"replies":[{"embeddable":true,"href":"https:\/\/baquetesartesanes.com\/fr\/wp-json\/wp\/v2\/comments?post=1660"}],"wp:featuredmedia":[{"embeddable":true,"href":"https:\/\/baquetesartesanes.com\/fr\/wp-json\/wp\/v2\/media\/1429"}],"wp:attachment":[{"href":"https:\/\/baquetesartesanes.com\/fr\/wp-json\/wp\/v2\/media?parent=1660"}],"wp:term":[{"taxonomy":"product_brand","embeddable":true,"href":"https:\/\/baquetesartesanes.com\/fr\/wp-json\/wp\/v2\/product_brand?post=1660"},{"taxonomy":"product_cat","embeddable":true,"href":"https:\/\/baquetesartesanes.com\/fr\/wp-json\/wp\/v2\/product_cat?post=1660"},{"taxonomy":"product_tag","embeddable":true,"href":"https:\/\/baquetesartesanes.com\/fr\/wp-json\/wp\/v2\/product_tag?post=1660"}],"curies":[{"name":"wp","href":"https:\/\/api.w.org\/{rel}","templated":true}]}}