{"id":1652,"date":"2018-10-18T09:04:14","date_gmt":"2018-10-18T07:04:14","guid":{"rendered":"https:\/\/baquetesartesanes.com\/producto\/5b2-hickory\/"},"modified":"2018-10-18T09:04:14","modified_gmt":"2018-10-18T07:04:14","slug":"5b2-hickory","status":"publish","type":"product","link":"https:\/\/baquetesartesanes.com\/fr\/producto\/5b2-hickory\/","title":{"rendered":"5B2 Hickory"},"content":{"rendered":"<div class=\"descProducte\">\n<p>L=\u00a0 410 mm \/ 16,14in<\/p>\n<p>D= 15,20 mm<\/p>\n<p>Baguettes en hickory s\u00e9lectionn\u00e9, \u00e9quilibr\u00e9es et appair\u00e9es par poids.<br \/>\nBaguette tr\u00e8s puissant avec l\u2019olive en tonneau et avec beaucoup de caract\u00e8re.<\/p>\n<\/div>\n<p>*Le prix est pour les paires<\/p>\n","protected":false},"excerpt":{"rendered":"<p>L=\u00a0 410 mm \/ 16,14in D= 15,20 mm Baguettes en hickory s\u00e9lectionn\u00e9, \u00e9quilibr\u00e9es et appair\u00e9es par poids. Baguette tr\u00e8s puissant avec l\u2019olive en tonneau et avec<span class=\"excerpt-hellip\"> [\u2026]<\/span><\/p>\n","protected":false},"featured_media":1473,"comment_status":"closed","ping_status":"closed","template":"","meta":[],"product_brand":[],"product_cat":[85],"product_tag":[],"class_list":{"0":"post-1652","1":"product","2":"type-product","3":"status-publish","4":"has-post-thumbnail","6":"product_cat-standards-fr","8":"first","9":"instock","10":"taxable","11":"shipping-taxable","12":"purchasable","13":"product-type-simple"},"_links":{"self":[{"href":"https:\/\/baquetesartesanes.com\/fr\/wp-json\/wp\/v2\/product\/1652","targetHints":{"allow":["GET"]}}],"collection":[{"href":"https:\/\/baquetesartesanes.com\/fr\/wp-json\/wp\/v2\/product"}],"about":[{"href":"https:\/\/baquetesartesanes.com\/fr\/wp-json\/wp\/v2\/types\/product"}],"replies":[{"embeddable":true,"href":"https:\/\/baquetesartesanes.com\/fr\/wp-json\/wp\/v2\/comments?post=1652"}],"wp:featuredmedia":[{"embeddable":true,"href":"https:\/\/baquetesartesanes.com\/fr\/wp-json\/wp\/v2\/media\/1473"}],"wp:attachment":[{"href":"https:\/\/baquetesartesanes.com\/fr\/wp-json\/wp\/v2\/media?parent=1652"}],"wp:term":[{"taxonomy":"product_brand","embeddable":true,"href":"https:\/\/baquetesartesanes.com\/fr\/wp-json\/wp\/v2\/product_brand?post=1652"},{"taxonomy":"product_cat","embeddable":true,"href":"https:\/\/baquetesartesanes.com\/fr\/wp-json\/wp\/v2\/product_cat?post=1652"},{"taxonomy":"product_tag","embeddable":true,"href":"https:\/\/baquetesartesanes.com\/fr\/wp-json\/wp\/v2\/product_tag?post=1652"}],"curies":[{"name":"wp","href":"https:\/\/api.w.org\/{rel}","templated":true}]}}