{"id":1638,"date":"2018-10-18T09:13:13","date_gmt":"2018-10-18T07:13:13","guid":{"rendered":"https:\/\/baquetesartesanes.com\/producto\/serie-tambour-1\/"},"modified":"2018-10-18T09:13:13","modified_gmt":"2018-10-18T07:13:13","slug":"serie-tambour-1","status":"publish","type":"product","link":"https:\/\/baquetesartesanes.com\/fr\/producto\/serie-tambour-1\/","title":{"rendered":"S\u00e9rie tambour 1"},"content":{"rendered":"<div class=\"descProducte\">\n<p>L=\u00a0 406 mm \/ 15,98in<\/p>\n<p>D= 14,20 mm<\/p>\n<p>Baguettes en hickory s\u00e9lectionn\u00e9, \u00e9quilibr\u00e9es et appair\u00e9es par poids.<br \/>\nBaguette combine avec un filtre semi-dur sur la douille. C\u2019est baguette offre une grande franche des sons.<\/p>\n<p>*Le prix est pour les paires<\/p>\n<\/div>\n","protected":false},"excerpt":{"rendered":"<p>L=\u00a0 406 mm \/ 15,98in D= 14,20 mm Baguettes en hickory s\u00e9lectionn\u00e9, \u00e9quilibr\u00e9es et appair\u00e9es par poids. Baguette combine avec un filtre semi-dur sur la douille.<span class=\"excerpt-hellip\"> [\u2026]<\/span><\/p>\n","protected":false},"featured_media":1520,"comment_status":"closed","ping_status":"closed","template":"","meta":[],"product_brand":[],"product_cat":[85],"product_tag":[],"class_list":{"0":"post-1638","1":"product","2":"type-product","3":"status-publish","4":"has-post-thumbnail","6":"product_cat-standards-fr","8":"first","9":"instock","10":"taxable","11":"shipping-taxable","12":"purchasable","13":"product-type-simple"},"_links":{"self":[{"href":"https:\/\/baquetesartesanes.com\/fr\/wp-json\/wp\/v2\/product\/1638","targetHints":{"allow":["GET"]}}],"collection":[{"href":"https:\/\/baquetesartesanes.com\/fr\/wp-json\/wp\/v2\/product"}],"about":[{"href":"https:\/\/baquetesartesanes.com\/fr\/wp-json\/wp\/v2\/types\/product"}],"replies":[{"embeddable":true,"href":"https:\/\/baquetesartesanes.com\/fr\/wp-json\/wp\/v2\/comments?post=1638"}],"wp:featuredmedia":[{"embeddable":true,"href":"https:\/\/baquetesartesanes.com\/fr\/wp-json\/wp\/v2\/media\/1520"}],"wp:attachment":[{"href":"https:\/\/baquetesartesanes.com\/fr\/wp-json\/wp\/v2\/media?parent=1638"}],"wp:term":[{"taxonomy":"product_brand","embeddable":true,"href":"https:\/\/baquetesartesanes.com\/fr\/wp-json\/wp\/v2\/product_brand?post=1638"},{"taxonomy":"product_cat","embeddable":true,"href":"https:\/\/baquetesartesanes.com\/fr\/wp-json\/wp\/v2\/product_cat?post=1638"},{"taxonomy":"product_tag","embeddable":true,"href":"https:\/\/baquetesartesanes.com\/fr\/wp-json\/wp\/v2\/product_tag?post=1638"}],"curies":[{"name":"wp","href":"https:\/\/api.w.org\/{rel}","templated":true}]}}