{"id":1624,"date":"2018-10-18T09:15:54","date_gmt":"2018-10-18T07:15:54","guid":{"rendered":"https:\/\/baquetesartesanes.com\/producto\/sc2-maple\/"},"modified":"2018-10-18T09:15:54","modified_gmt":"2018-10-18T07:15:54","slug":"sc2-maple","status":"publish","type":"product","link":"https:\/\/baquetesartesanes.com\/fr\/producto\/sc2-maple\/","title":{"rendered":"SC2 Maple"},"content":{"rendered":"<div class=\"descProducte\">\n<p>L=\u00a0 400 mm \/ 15,75in<\/p>\n<p>D= 16,20 mm<\/p>\n<p>Pilons de bois d&rsquo;\u00e9rable s\u00e9lectionn\u00e9, \u00e9quilibr\u00e9e et gr\u00e9\u00e9 en poids. Collez l\u00e9ger et rapide, tr\u00e8s polyvalent avec bout rond, un partenaire solide.<\/p>\n<p>*Le prix est par couple<\/p>\n<\/div>\n","protected":false},"excerpt":{"rendered":"<p>L=\u00a0 400 mm \/ 15,75in D= 16,20 mm Pilons de bois d&rsquo;\u00e9rable s\u00e9lectionn\u00e9, \u00e9quilibr\u00e9e et gr\u00e9\u00e9 en poids. Collez l\u00e9ger et rapide, tr\u00e8s polyvalent avec bout<span class=\"excerpt-hellip\"> [\u2026]<\/span><\/p>\n","protected":false},"featured_media":1461,"comment_status":"closed","ping_status":"closed","template":"","meta":[],"product_brand":[],"product_cat":[85],"product_tag":[],"class_list":{"0":"post-1624","1":"product","2":"type-product","3":"status-publish","4":"has-post-thumbnail","6":"product_cat-standards-fr","8":"first","9":"instock","10":"taxable","11":"shipping-taxable","12":"purchasable","13":"product-type-simple"},"_links":{"self":[{"href":"https:\/\/baquetesartesanes.com\/fr\/wp-json\/wp\/v2\/product\/1624","targetHints":{"allow":["GET"]}}],"collection":[{"href":"https:\/\/baquetesartesanes.com\/fr\/wp-json\/wp\/v2\/product"}],"about":[{"href":"https:\/\/baquetesartesanes.com\/fr\/wp-json\/wp\/v2\/types\/product"}],"replies":[{"embeddable":true,"href":"https:\/\/baquetesartesanes.com\/fr\/wp-json\/wp\/v2\/comments?post=1624"}],"wp:featuredmedia":[{"embeddable":true,"href":"https:\/\/baquetesartesanes.com\/fr\/wp-json\/wp\/v2\/media\/1461"}],"wp:attachment":[{"href":"https:\/\/baquetesartesanes.com\/fr\/wp-json\/wp\/v2\/media?parent=1624"}],"wp:term":[{"taxonomy":"product_brand","embeddable":true,"href":"https:\/\/baquetesartesanes.com\/fr\/wp-json\/wp\/v2\/product_brand?post=1624"},{"taxonomy":"product_cat","embeddable":true,"href":"https:\/\/baquetesartesanes.com\/fr\/wp-json\/wp\/v2\/product_cat?post=1624"},{"taxonomy":"product_tag","embeddable":true,"href":"https:\/\/baquetesartesanes.com\/fr\/wp-json\/wp\/v2\/product_tag?post=1624"}],"curies":[{"name":"wp","href":"https:\/\/api.w.org\/{rel}","templated":true}]}}