{"id":1736,"date":"2019-01-29T10:20:08","date_gmt":"2019-01-29T09:20:08","guid":{"rendered":"https:\/\/baquetesartesanes.com\/?post_type=product&#038;p=1736"},"modified":"2019-10-01T18:05:03","modified_gmt":"2019-10-01T16:05:03","slug":"5bb-hickory-personalizada","status":"publish","type":"product","link":"https:\/\/baquetesartesanes.com\/es\/producto\/5bb-hickory-personalizada\/","title":{"rendered":"5BB Hickory personalizada (12 pares)"},"content":{"rendered":"<div class=\"descProducte\">\n<p>L=\u00a0 407 mm \/ 16,02in<\/p>\n<p>D= 15,10 mm<\/p>\n<p>Baquetas de madera de hickory seleccionado, equilibradas y aparejadas por peso.<br \/>\nM\u00e1s potencia que la 7AB. Producen un sonido m\u00e1s concentrado y con m\u00e1s cuerpo.<\/p>\n<p>*El precio es por 12 pares<\/p>\n<\/div>\n","protected":false},"excerpt":{"rendered":"<p>L=\u00a0 407 mm \/ 16,02in D= 15,10 mm Baquetas de madera de hickory seleccionado, equilibradas y aparejadas por peso. M\u00e1s potencia que la 7AB. Producen un<span class=\"excerpt-hellip\"> [\u2026]<\/span><\/p>\n","protected":false},"featured_media":1478,"comment_status":"closed","ping_status":"closed","template":"","meta":[],"product_brand":[],"product_cat":[89],"product_tag":[],"class_list":{"0":"post-1736","1":"product","2":"type-product","3":"status-publish","4":"has-post-thumbnail","6":"product_cat-personalizados-es","7":"wpd-is-customizable","9":"first","10":"instock","11":"taxable","12":"shipping-taxable","13":"purchasable","14":"product-type-simple"},"_links":{"self":[{"href":"https:\/\/baquetesartesanes.com\/es\/wp-json\/wp\/v2\/product\/1736","targetHints":{"allow":["GET"]}}],"collection":[{"href":"https:\/\/baquetesartesanes.com\/es\/wp-json\/wp\/v2\/product"}],"about":[{"href":"https:\/\/baquetesartesanes.com\/es\/wp-json\/wp\/v2\/types\/product"}],"replies":[{"embeddable":true,"href":"https:\/\/baquetesartesanes.com\/es\/wp-json\/wp\/v2\/comments?post=1736"}],"wp:featuredmedia":[{"embeddable":true,"href":"https:\/\/baquetesartesanes.com\/es\/wp-json\/wp\/v2\/media\/1478"}],"wp:attachment":[{"href":"https:\/\/baquetesartesanes.com\/es\/wp-json\/wp\/v2\/media?parent=1736"}],"wp:term":[{"taxonomy":"product_brand","embeddable":true,"href":"https:\/\/baquetesartesanes.com\/es\/wp-json\/wp\/v2\/product_brand?post=1736"},{"taxonomy":"product_cat","embeddable":true,"href":"https:\/\/baquetesartesanes.com\/es\/wp-json\/wp\/v2\/product_cat?post=1736"},{"taxonomy":"product_tag","embeddable":true,"href":"https:\/\/baquetesartesanes.com\/es\/wp-json\/wp\/v2\/product_tag?post=1736"}],"curies":[{"name":"wp","href":"https:\/\/api.w.org\/{rel}","templated":true}]}}