{"id":1687,"date":"2018-09-04T12:00:11","date_gmt":"2018-09-04T10:00:11","guid":{"rendered":"https:\/\/baquetesartesanes.com\/producto\/angel-celada\/"},"modified":"2018-09-04T12:00:11","modified_gmt":"2018-09-04T10:00:11","slug":"angel-celada","status":"publish","type":"product","link":"https:\/\/baquetesartesanes.com\/es\/producto\/angel-celada\/","title":{"rendered":"Angel Celada"},"content":{"rendered":"<p>L= 409 mm \/ 16,10in<br \/>\nD= 16.2 mm<\/p>\n<p style=\"font-weight: 400;\">A partir del mimo en la selecci\u00f3n de la madera y la pasi\u00f3n que los hermanos Quico y Jan ponen al trabajarla. Es un lujo poder dise\u00f1ar el  modelo que te permita obtener los matices necesarios para la mejor interpretaci\u00f3n..<\/p>\n<p><a href=\"https:\/\/www.youtube.com\/watch?v=_P7RM1kMBaE\">https:\/\/www.youtube.com\/watch?v=_P7RM1kMBaE<\/a><\/p>\n<p><a href=\"https:\/\/www.youtube.com\/watch?v=kqekodIEMTk\">https:\/\/www.youtube.com\/watch?v=kqekodIEMTk<\/a><\/p>\n<p>*El precio es por pares.<\/p>\n<p><img loading=\"lazy\" decoding=\"async\" class=\"alignnone size-medium wp-image-221\" src=\"https:\/\/baquetesartesanes.com\/wp-content\/uploads\/2018\/09\/Angel-Celada-300x300.jpg\" alt=\"\" width=\"300\" height=\"300\" srcset=\"https:\/\/baquetesartesanes.com\/wp-content\/uploads\/2018\/09\/Angel-Celada-300x300.jpg 300w, https:\/\/baquetesartesanes.com\/wp-content\/uploads\/2018\/09\/Angel-Celada-150x150.jpg 150w, https:\/\/baquetesartesanes.com\/wp-content\/uploads\/2018\/09\/Angel-Celada-146x146.jpg 146w, https:\/\/baquetesartesanes.com\/wp-content\/uploads\/2018\/09\/Angel-Celada-50x50.jpg 50w, https:\/\/baquetesartesanes.com\/wp-content\/uploads\/2018\/09\/Angel-Celada-75x75.jpg 75w, https:\/\/baquetesartesanes.com\/wp-content\/uploads\/2018\/09\/Angel-Celada-85x85.jpg 85w, https:\/\/baquetesartesanes.com\/wp-content\/uploads\/2018\/09\/Angel-Celada-80x80.jpg 80w, https:\/\/baquetesartesanes.com\/wp-content\/uploads\/2018\/09\/Angel-Celada-100x100.jpg 100w, https:\/\/baquetesartesanes.com\/wp-content\/uploads\/2018\/09\/Angel-Celada.jpg 320w\" sizes=\"auto, (max-width:767px) 300px, 300px\" \/><\/p>\n","protected":false},"excerpt":{"rendered":"<p>L= 409 mm \/ 16,10in D= 16.2 mm A partir del mimo en la selecci\u00f3n de la madera y la pasi\u00f3n que los hermanos Quico y<span class=\"excerpt-hellip\"> [\u2026]<\/span><\/p>\n","protected":false},"featured_media":1486,"comment_status":"closed","ping_status":"closed","template":"","meta":[],"product_brand":[],"product_cat":[92],"product_tag":[],"class_list":{"0":"post-1687","1":"product","2":"type-product","3":"status-publish","4":"has-post-thumbnail","6":"product_cat-firma","8":"first","9":"instock","10":"taxable","11":"shipping-taxable","12":"purchasable","13":"product-type-simple"},"_links":{"self":[{"href":"https:\/\/baquetesartesanes.com\/es\/wp-json\/wp\/v2\/product\/1687","targetHints":{"allow":["GET"]}}],"collection":[{"href":"https:\/\/baquetesartesanes.com\/es\/wp-json\/wp\/v2\/product"}],"about":[{"href":"https:\/\/baquetesartesanes.com\/es\/wp-json\/wp\/v2\/types\/product"}],"replies":[{"embeddable":true,"href":"https:\/\/baquetesartesanes.com\/es\/wp-json\/wp\/v2\/comments?post=1687"}],"wp:featuredmedia":[{"embeddable":true,"href":"https:\/\/baquetesartesanes.com\/es\/wp-json\/wp\/v2\/media\/1486"}],"wp:attachment":[{"href":"https:\/\/baquetesartesanes.com\/es\/wp-json\/wp\/v2\/media?parent=1687"}],"wp:term":[{"taxonomy":"product_brand","embeddable":true,"href":"https:\/\/baquetesartesanes.com\/es\/wp-json\/wp\/v2\/product_brand?post=1687"},{"taxonomy":"product_cat","embeddable":true,"href":"https:\/\/baquetesartesanes.com\/es\/wp-json\/wp\/v2\/product_cat?post=1687"},{"taxonomy":"product_tag","embeddable":true,"href":"https:\/\/baquetesartesanes.com\/es\/wp-json\/wp\/v2\/product_tag?post=1687"}],"curies":[{"name":"wp","href":"https:\/\/api.w.org\/{rel}","templated":true}]}}