{"id":1617,"date":"2018-10-18T11:19:33","date_gmt":"2018-10-18T09:19:33","guid":{"rendered":"https:\/\/baquetesartesanes.com\/producto\/jo-krause\/"},"modified":"2018-10-18T11:19:33","modified_gmt":"2018-10-18T09:19:33","slug":"jo-krause","status":"publish","type":"product","link":"https:\/\/baquetesartesanes.com\/es\/producto\/jo-krause\/","title":{"rendered":"Jo Krause"},"content":{"rendered":"<p>L= 415 mm \/ 16,34in<br \/>\nD= 14,75 mm<\/p>\n<p>\u00ab<em>Con mi baqueta Baart he encontrado el equilibrio que estaba buscando entre una baqueta que est\u00e1 c\u00f3moda en la mano y que da el sonido ac\u00fastico del plato que busco.<\/em>\u00ab<br \/>\nJo Krause<\/p>\n<p><span class=\"bloc descProducte\"><a href=\"http:\/\/www.jokrause.com\/\" target=\"_blank\" rel=\"noopener\">www.jokrause.com<\/a><\/span><\/p>\n<p>*El precio es por par.<\/p>\n<p><img loading=\"lazy\" decoding=\"async\" class=\"alignnone size-full wp-image-1231\" src=\"https:\/\/baquetesartesanes.com\/wp-content\/uploads\/2018\/10\/fjokrause.jpg\" alt=\"\" width=\"208\" height=\"298\" srcset=\"https:\/\/baquetesartesanes.com\/wp-content\/uploads\/2018\/10\/fjokrause.jpg 208w, https:\/\/baquetesartesanes.com\/wp-content\/uploads\/2018\/10\/fjokrause-102x146.jpg 102w, https:\/\/baquetesartesanes.com\/wp-content\/uploads\/2018\/10\/fjokrause-35x50.jpg 35w, https:\/\/baquetesartesanes.com\/wp-content\/uploads\/2018\/10\/fjokrause-52x75.jpg 52w\" sizes=\"auto, (max-width:767px) 208px, 208px\" \/><\/p>\n","protected":false},"excerpt":{"rendered":"<p>L= 415 mm \/ 16,34in D= 14,75 mm \u00abCon mi baqueta Baart he encontrado el equilibrio que estaba buscando entre una baqueta que est\u00e1 c\u00f3moda en<span class=\"excerpt-hellip\"> [\u2026]<\/span><\/p>\n","protected":false},"featured_media":1498,"comment_status":"closed","ping_status":"closed","template":"","meta":[],"product_brand":[],"product_cat":[92],"product_tag":[],"class_list":{"0":"post-1617","1":"product","2":"type-product","3":"status-publish","4":"has-post-thumbnail","6":"product_cat-firma","8":"first","9":"instock","10":"taxable","11":"shipping-taxable","12":"purchasable","13":"product-type-simple"},"_links":{"self":[{"href":"https:\/\/baquetesartesanes.com\/es\/wp-json\/wp\/v2\/product\/1617","targetHints":{"allow":["GET"]}}],"collection":[{"href":"https:\/\/baquetesartesanes.com\/es\/wp-json\/wp\/v2\/product"}],"about":[{"href":"https:\/\/baquetesartesanes.com\/es\/wp-json\/wp\/v2\/types\/product"}],"replies":[{"embeddable":true,"href":"https:\/\/baquetesartesanes.com\/es\/wp-json\/wp\/v2\/comments?post=1617"}],"wp:featuredmedia":[{"embeddable":true,"href":"https:\/\/baquetesartesanes.com\/es\/wp-json\/wp\/v2\/media\/1498"}],"wp:attachment":[{"href":"https:\/\/baquetesartesanes.com\/es\/wp-json\/wp\/v2\/media?parent=1617"}],"wp:term":[{"taxonomy":"product_brand","embeddable":true,"href":"https:\/\/baquetesartesanes.com\/es\/wp-json\/wp\/v2\/product_brand?post=1617"},{"taxonomy":"product_cat","embeddable":true,"href":"https:\/\/baquetesartesanes.com\/es\/wp-json\/wp\/v2\/product_cat?post=1617"},{"taxonomy":"product_tag","embeddable":true,"href":"https:\/\/baquetesartesanes.com\/es\/wp-json\/wp\/v2\/product_tag?post=1617"}],"curies":[{"name":"wp","href":"https:\/\/api.w.org\/{rel}","templated":true}]}}