{"id":1977,"date":"2019-10-02T10:26:41","date_gmt":"2019-10-02T08:26:41","guid":{"rendered":"https:\/\/baquetesartesanes.com\/condicions-generals-dutilitzacio-del-lloc-web\/"},"modified":"2019-10-02T10:38:01","modified_gmt":"2019-10-02T08:38:01","slug":"condiciones-generales-de-utilizacion-del-sitio-web","status":"publish","type":"page","link":"https:\/\/baquetesartesanes.com\/es\/condiciones-generales-de-utilizacion-del-sitio-web\/","title":{"rendered":"Condiciones generales de utilizaci\u00f3n del sitio web"},"content":{"rendered":"<p>Estas condiciones regulan la compra de productos ofrecidos a baquetesartesanes.com<\/p>\n<p>La empresa titular de esta p\u00e1gina web es SOLER CARBONELL, SCP. los datos identificativos son:<\/p>\n<ul>\n<li>CIF: J65226714<\/li>\n<li>Camino de la Caba\u00f1a, s \/ n &#8211; 08572 &#8211; Sant Pere de Torell\u00f3<\/li>\n<li>Tel\u00e9fono: 938 584 180<\/li>\n<li>Correo electr\u00f3nico: info@baart.es<\/li>\n<\/ul>\n<p>Los criterios seguidos por baquetesartesanes.com respecto a la utilizaci\u00f3n de los datos personales que usted facilite libre y voluntariamente a trav\u00e9s de los servicios ofrecidos en este sitio web son los que se recogen en el apartado <a href=\"https:\/\/baquetesartesanes.com\/es\/informacion-legal-y-politica-de-privacidad\/\" target=\"_blank\" rel=\"noopener\">AVISO LEGAL<\/a>.<\/p>\n<p>Para realizar compras en baquetesartesanes.com ser\u00e1 necesario solicitar registro como usuario del sitio web y aceptar estos T\u00e9rminos y Condiciones de compra. El usuario registrado declara bajo su responsabilidad, haber le\u00eddo estas condiciones de compras, y aceptar \u00edntegramente.<\/p>\n<p>Como operar en baquetesartesanes.com<\/p>\n<h4>1.- Productos.<\/h4>\n<p>baquetesartesanes.com ofrece un amplio surtido de que podremos variar en cualquier momento de forma unilateral y sin previo aviso, bien incorporando nuevos productos o cancelando de manera temporal o definitiva de otros.<\/p>\n<h4>2.- Precios.<\/h4>\n<p>baquetesartesanes.com te garantiza el precio del momento en que formalizar tu compra, con independencia de cuando se realice la entrega.<\/p>\n<h4>3.- Preparaci\u00f3n de tu pedido.<\/h4>\n<p>baquetesartesanes.com garantiza la existencia de todos los productos que aparecen en su sitio web, si bien no garantiza la disponibilidad de todos ellos en todo momento y en los vol\u00famenes solicitados, pudiendo ocurrir de forma excepcional una falta de alg\u00fan art\u00edculo para un pedido determinado.<\/p>\n<p>Asimismo guardaremos toda la informaci\u00f3n de tus pedidos, para facilitarte las compras posteriores.<\/p>\n<h4>4.- Entrega de tu pedido.<\/h4>\n<p>Los pedidos se entregar\u00e1n a los pr\u00f3ximos 20 d\u00edas h\u00e1biles a partir de la fecha del pedido.<\/p>\n<p>baquetesartesanes.com garantiza la recepci\u00f3n de los productos en las mejores condiciones de calidad.<\/p>\n<p>baquetesartesanes.com no asumir\u00e1 ninguna responsabilidad por retraso en la entrega de los pedidos o para productos no entregados cuando sea debido a casos de fuerza mayor, entendidos como tales los sucesos no culpables imposibles de prever o que siendo previsibles, fueran inevitables.<\/p>\n<h4>5.- Anulaci\u00f3n de pedidos.<\/h4>\n<p>SOLER CARBONELL, SCP, en adelante baquetesartesanes.com, se reserva el derecho a anular total o parcialmente por razones espec\u00edficas los pedidos de forma unilateral reembolsando su caso el importe abonado por el cliente a excepci\u00f3n de los gastos devengados en el proceso de pedido, si procediera. En caso de que la mercanc\u00eda haya sido entregada el usuario deber\u00e1 hacerse cargo del pedido completo.<\/p>\n<h4>6.- Derecho de desistimiento<\/h4>\n<p>Seg\u00fan la Ley 3\/2014, de 27 de marzo, por la que se modifica el texto refundido de la Ley General para la Defensa de los Consumidores y Usuarios y otras leyes complementarias, aprobado por el Real Decreto Legislativo 1\/2007, de 16 de noviembre , el consumidor dispone de 14 d\u00edas h\u00e1biles desde la recepci\u00f3n del pedido para desistir voluntariamente de su compra, dejando sin efecto el contrato.<\/p>\n<h4>7.- Garant\u00edas.<\/h4>\n<p>En caso de producto defectuoso, baquetesartesanes.com proceder\u00e1, seg\u00fan corresponda, a la reparaci\u00f3n, sustituci\u00f3n, rebaja del precio o resoluci\u00f3n del contrato, gestiones que ser\u00e1n gratuitas para el consumidor y usuario.<\/p>\n<p>En el caso de productos perecederos el periodo de reclamaci\u00f3n es de 24 horas desde la entrega del pedido baquetesartesanes.com si as\u00ed se requiriera, se reserva el derecho a solicitar fotos o la recogida del producto, con el fin de que la incidencia pueda ser tratada y analizada debidamente por nuestro Departamento de Calidad.<\/p>\n<h4>8.- Formas de pago.<\/h4>\n<p>El pago a baquetesartesanes.com se podr\u00e1 realizar mediante tarjeta de cr\u00e9dito o d\u00e9bito en el sitio web como \u00faltimo paso de la compra. baquetesartesanes.com te garantiza total seguridad de tus transacciones, al disponer de los m\u00e1s actuales medios tecnol\u00f3gicos en cuanto a protocolos de seguridad. baquetesartesanes.com no tiene en ning\u00fan caso acceso a tus datos bancarios ni los guarda en sus servidores.<\/p>\n<p>&nbsp;<\/p>\n<h4>Condiciones.<\/h4>\n<p><strong>1. Propiedad intelectual<\/strong><\/p>\n<p>Todos los contenidos que se muestran en el sitio web y en especial dise\u00f1os, textos, gr\u00e1ficos, logos, iconos, botones, software, nombres comerciales, marcas, dibujos industriales o cualesquiera otros signos susceptibles de utilizaci\u00f3n industrial y comercial est\u00e1n sujetos a derechos de propiedad intelectual e industrial de baquetesartesanes.com o de terceros titulares de los mismos que han autorizado debidamente su inclusi\u00f3n en el Portal.<\/p>\n<p>En ning\u00fan caso se entender\u00e1 que se concede licencia alguna o se efect\u00faa renuncia, transmisi\u00f3n, cesi\u00f3n total o parcial de dichos derechos ni se confiere ning\u00fan derecho ni expectativa de derecho, y en especial, de alteraci\u00f3n, explotaci\u00f3n, reproducci\u00f3n, distribuci\u00f3n o comunicaci\u00f3n p\u00fablica sobre dichos contenidos sin la previa autorizaci\u00f3n expresa de baquetesartesanes.com o de los titulares correspondientes.<\/p>\n<p><strong>2. Ley aplicable y jurisdicci\u00f3n<\/strong><\/p>\n<p>Estas condiciones de compra se interpretar\u00e1n y regir\u00e1n de conformidad con la legislaci\u00f3n espa\u00f1ola. Para cualquier cuesti\u00f3n litigiosa derivada de estas Condiciones de Compra, las partes se someten a la jurisdicci\u00f3n y competencia exclusiva de los Juzgados y Tribunales competentes seg\u00fan el art\u00edculo 90.2 del Texto refundido de la Ley General para la Defensa de los Consumidores y Usuarios.<\/p>\n<p>&nbsp;<\/p>\n","protected":false},"excerpt":{"rendered":"<p>Estas condiciones regulan la compra de productos ofrecidos a baquetesartesanes.com La empresa titular de esta p\u00e1gina web es SOLER CARBONELL, SCP. los datos identificativos son: CIF:<span class=\"excerpt-hellip\"> [\u2026]<\/span><\/p>\n","protected":false},"author":1,"featured_media":0,"parent":0,"menu_order":0,"comment_status":"closed","ping_status":"closed","template":"","meta":{"footnotes":""},"class_list":["post-1977","page","type-page","status-publish","hentry"],"_links":{"self":[{"href":"https:\/\/baquetesartesanes.com\/es\/wp-json\/wp\/v2\/pages\/1977","targetHints":{"allow":["GET"]}}],"collection":[{"href":"https:\/\/baquetesartesanes.com\/es\/wp-json\/wp\/v2\/pages"}],"about":[{"href":"https:\/\/baquetesartesanes.com\/es\/wp-json\/wp\/v2\/types\/page"}],"author":[{"embeddable":true,"href":"https:\/\/baquetesartesanes.com\/es\/wp-json\/wp\/v2\/users\/1"}],"replies":[{"embeddable":true,"href":"https:\/\/baquetesartesanes.com\/es\/wp-json\/wp\/v2\/comments?post=1977"}],"version-history":[{"count":3,"href":"https:\/\/baquetesartesanes.com\/es\/wp-json\/wp\/v2\/pages\/1977\/revisions"}],"predecessor-version":[{"id":1987,"href":"https:\/\/baquetesartesanes.com\/es\/wp-json\/wp\/v2\/pages\/1977\/revisions\/1987"}],"wp:attachment":[{"href":"https:\/\/baquetesartesanes.com\/es\/wp-json\/wp\/v2\/media?parent=1977"}],"curies":[{"name":"wp","href":"https:\/\/api.w.org\/{rel}","templated":true}]}}